{"id":26,"date":"2025-10-11T16:19:37","date_gmt":"2025-10-11T14:19:37","guid":{"rendered":"http:\/\/pkm-verein.de\/offerings\/"},"modified":"2026-01-03T20:32:38","modified_gmt":"2026-01-03T19:32:38","slug":"offerings","status":"publish","type":"page","link":"https:\/\/pkm-verein.de\/fa\/offerings\/","title":{"rendered":"mitglied-werden"},"content":{"rendered":"<div data-elementor-type=\"wp-page\" data-elementor-id=\"26\" class=\"elementor elementor-26\">\n\t\t\t\t<div class=\"elementor-element elementor-element-be4946a e-flex e-con-boxed e-con e-parent\" data-id=\"be4946a\" data-element_type=\"container\" data-settings=\"{&quot;background_background&quot;:&quot;classic&quot;}\">\n\t\t\t\t\t<div class=\"e-con-inner\">\n\t\t\t\t<div class=\"elementor-element elementor-element-f453acb elementor-widget elementor-widget-spacer\" data-id=\"f453acb\" data-element_type=\"widget\" data-widget_type=\"spacer.default\">\n\t\t\t\t<div class=\"elementor-widget-container\">\n\t\t\t\t\t\t\t<div class=\"elementor-spacer\">\n\t\t\t<div class=\"elementor-spacer-inner\"><\/div>\n\t\t<\/div>\n\t\t\t\t\t\t<\/div>\n\t\t\t\t<\/div>\n\t\t\t\t<div class=\"elementor-element elementor-element-876002a elementor-widget elementor-widget-heading\" data-id=\"876002a\" data-element_type=\"widget\" data-widget_type=\"heading.default\">\n\t\t\t\t<div class=\"elementor-widget-container\">\n\t\t\t\t\t<h2 class=\"elementor-heading-title elementor-size-default\">So werden Sie Mitglied im PKM Verein:<\/h2>\t\t\t\t<\/div>\n\t\t\t\t<\/div>\n\t\t\t\t<div class=\"elementor-element elementor-element-76b0e71 elementor-widget elementor-widget-text-editor\" data-id=\"76b0e71\" data-element_type=\"widget\" data-widget_type=\"text-editor.default\">\n\t\t\t\t<div class=\"elementor-widget-container\">\n\t\t\t\t\t\t\t\t\t<ol data-start=\"195\" data-end=\"708\"><li data-start=\"195\" data-end=\"370\"><p data-start=\"198\" data-end=\"370\"><strong data-start=\"198\" data-end=\"248\">Laden Sie das Mitgliedschaftsformular herunter<\/strong><br data-start=\"248\" data-end=\"251\" \/>Klicken Sie auf den Button <em data-start=\"281\" data-end=\"322\">\u201eMitgliedschaftsformular herunterladen\u201c<\/em> und speichern Sie das Formular auf Ihrem Ger\u00e4t.<\/p><\/li><li data-start=\"372\" data-end=\"543\"><p data-start=\"375\" data-end=\"543\"><strong data-start=\"375\" data-end=\"418\">F\u00fcllen Sie das Formular vollst\u00e4ndig aus<\/strong><br data-start=\"418\" data-end=\"421\" \/>Bitte tragen Sie alle erforderlichen Angaben sorgf\u00e4ltig ein und speichern Sie das ausgef\u00fcllte Formular anschlie\u00dfend ab.<\/p><\/li><li data-start=\"545\" data-end=\"708\"><p data-start=\"548\" data-end=\"708\"><strong data-start=\"548\" data-end=\"591\">Laden Sie das ausgef\u00fcllte Formular hoch<\/strong><br data-start=\"591\" data-end=\"594\" \/>Nutzen Sie das untenstehende Upload-Feld, um das ausgef\u00fcllte Formular hochzuladen, und senden Sie es an uns ab.<\/p><\/li><\/ol><p data-start=\"710\" data-end=\"795\">Nach dem Eingang Ihres Antrags werden wir uns zeitnah mit Ihnen in Verbindung setzen.<\/p>\t\t\t\t\t\t\t\t<\/div>\n\t\t\t\t<\/div>\n\t\t\t\t\t<\/div>\n\t\t\t\t<\/div>\n\t\t<div class=\"elementor-element elementor-element-485e6a5 e-flex e-con-boxed e-con e-parent\" data-id=\"485e6a5\" data-element_type=\"container\">\n\t\t\t\t\t<div class=\"e-con-inner\">\n\t\t<div class=\"elementor-element elementor-element-072e93b e-con-full e-flex e-con e-child\" data-id=\"072e93b\" data-element_type=\"container\">\n\t\t\t\t<div class=\"elementor-element elementor-element-db46fcb elementor-align-justify elementor-widget__width-initial elementor-widget elementor-widget-button\" data-id=\"db46fcb\" data-element_type=\"widget\" data-widget_type=\"button.default\">\n\t\t\t\t<div class=\"elementor-widget-container\">\n\t\t\t\t\t\t\t\t\t<div class=\"elementor-button-wrapper\">\n\t\t\t\t\t<a class=\"elementor-button elementor-button-link elementor-size-sm\" href=\"http:\/\/pkm-verein.de\/wp-content\/uploads\/2026\/01\/Mitgeliedschaft_Verin-PKM.pdf\" target=\"_blank\">\n\t\t\t\t\t\t<span class=\"elementor-button-content-wrapper\">\n\t\t\t\t\t\t\t\t\t<span class=\"elementor-button-text\">Formular herunterladen<\/span>\n\t\t\t\t\t<\/span>\n\t\t\t\t\t<\/a>\n\t\t\t\t<\/div>\n\t\t\t\t\t\t\t\t<\/div>\n\t\t\t\t<\/div>\n\t\t\t\t<div class=\"elementor-element elementor-element-a177297 elementor-widget__width-initial elementor-widget elementor-widget-shortcode\" data-id=\"a177297\" data-element_type=\"widget\" data-widget_type=\"shortcode.default\">\n\t\t\t\t<div class=\"elementor-widget-container\">\n\t\t\t\t\t\t\t<div class=\"elementor-shortcode\">\n<div class=\"wpcf7 no-js\" id=\"wpcf7-f1388-o1\" lang=\"de-DE\" dir=\"ltr\" data-wpcf7-id=\"1388\">\n<div class=\"screen-reader-response\"><p role=\"status\" aria-live=\"polite\" aria-atomic=\"true\"><\/p> <ul><\/ul><\/div>\n<form action=\"\/fa\/wp-json\/wp\/v2\/pages\/26#wpcf7-f1388-o1\" method=\"post\" class=\"wpcf7-form init\" aria-label=\"Kontaktformular\" enctype=\"multipart\/form-data\" novalidate=\"novalidate\" data-status=\"init\" data-trp-original-action=\"\/fa\/wp-json\/wp\/v2\/pages\/26#wpcf7-f1388-o1\">\n<fieldset class=\"hidden-fields-container\"><input type=\"hidden\" name=\"_wpcf7\" value=\"1388\" \/><input type=\"hidden\" name=\"_wpcf7_version\" value=\"6.1.4\" \/><input type=\"hidden\" name=\"_wpcf7_locale\" value=\"de_DE\" \/><input type=\"hidden\" name=\"_wpcf7_unit_tag\" value=\"wpcf7-f1388-o1\" \/><input type=\"hidden\" name=\"_wpcf7_container_post\" value=\"0\" \/><input type=\"hidden\" name=\"_wpcf7_posted_data_hash\" value=\"\" \/>\n<\/fieldset>\n<p><span class=\"wpcf7-form-control-wrap\" data-name=\"mitgliedsantrag\"><input size=\"40\" class=\"wpcf7-form-control wpcf7-file wpcf7-validates-as-required\" accept=\".pdf\" aria-required=\"true\" aria-invalid=\"false\" type=\"file\" name=\"mitgliedsantrag\" \/><\/span>\n<\/p>\n<p><input class=\"wpcf7-form-control wpcf7-submit has-spinner\" type=\"submit\" value=\"Datei hochladen\" \/>\n<\/p><div class=\"wpcf7-response-output\" aria-hidden=\"true\"><\/div>\n<input type=\"hidden\" name=\"trp-form-language\" value=\"fa\"\/><\/form>\n<\/div>\n<\/div>\n\t\t\t\t\t\t<\/div>\n\t\t\t\t<\/div>\n\t\t\t\t<\/div>\n\t\t\t\t\t<\/div>\n\t\t\t\t<\/div>\n\t\t<div class=\"elementor-element elementor-element-9d60d82 e-flex e-con-boxed e-con e-parent\" data-id=\"9d60d82\" data-element_type=\"container\">\n\t\t\t\t\t<div class=\"e-con-inner\">\n\t\t\t\t\t<\/div>\n\t\t\t\t<\/div>\n\t\t\t\t<\/div>","protected":false},"excerpt":{"rendered":"<p>So werden Sie Mitglied im PKM Verein: Laden Sie das Mitgliedschaftsformular herunterKlicken Sie auf den Button \u201eMitgliedschaftsformular herunterladen\u201c und speichern Sie das Formular auf Ihrem Ger\u00e4t. F\u00fcllen Sie das Formular [&hellip;]<\/p>","protected":false},"author":1,"featured_media":0,"parent":0,"menu_order":0,"comment_status":"closed","ping_status":"closed","template":"","meta":{"site-sidebar-layout":"no-sidebar","site-content-layout":"","ast-site-content-layout":"full-width-container","site-content-style":"default","site-sidebar-style":"default","ast-global-header-display":"","ast-banner-title-visibility":"","ast-main-header-display":"","ast-hfb-above-header-display":"","ast-hfb-below-header-display":"","ast-hfb-mobile-header-display":"","site-post-title":"disabled","ast-breadcrumbs-content":"","ast-featured-img":"disabled","footer-sml-layout":"","theme-transparent-header-meta":"enabled","adv-header-id-meta":"","stick-header-meta":"","header-above-stick-meta":"","header-main-stick-meta":"","header-below-stick-meta":"","astra-migrate-meta-layouts":"default","ast-page-background-enabled":"default","ast-page-background-meta":{"desktop":{"background-color":"var(--ast-global-color-4)","background-image":"","background-repeat":"repeat","background-position":"center center","background-size":"auto","background-attachment":"scroll","background-type":"","background-media":"","overlay-type":"","overlay-color":"","overlay-opacity":"","overlay-gradient":""},"tablet":{"background-color":"","background-image":"","background-repeat":"repeat","background-position":"center center","background-size":"auto","background-attachment":"scroll","background-type":"","background-media":"","overlay-type":"","overlay-color":"","overlay-opacity":"","overlay-gradient":""},"mobile":{"background-color":"","background-image":"","background-repeat":"repeat","background-position":"center center","background-size":"auto","background-attachment":"scroll","background-type":"","background-media":"","overlay-type":"","overlay-color":"","overlay-opacity":"","overlay-gradient":""}},"ast-content-background-meta":{"desktop":{"background-color":"var(--ast-global-color-5)","background-image":"","background-repeat":"repeat","background-position":"center center","background-size":"auto","background-attachment":"scroll","background-type":"","background-media":"","overlay-type":"","overlay-color":"","overlay-opacity":"","overlay-gradient":""},"tablet":{"background-color":"var(--ast-global-color-5)","background-image":"","background-repeat":"repeat","background-position":"center center","background-size":"auto","background-attachment":"scroll","background-type":"","background-media":"","overlay-type":"","overlay-color":"","overlay-opacity":"","overlay-gradient":""},"mobile":{"background-color":"var(--ast-global-color-5)","background-image":"","background-repeat":"repeat","background-position":"center center","background-size":"auto","background-attachment":"scroll","background-type":"","background-media":"","overlay-type":"","overlay-color":"","overlay-opacity":"","overlay-gradient":""}},"footnotes":""},"class_list":["post-26","page","type-page","status-publish","hentry"],"_links":{"self":[{"href":"https:\/\/pkm-verein.de\/fa\/wp-json\/wp\/v2\/pages\/26","targetHints":{"allow":["GET"]}}],"collection":[{"href":"https:\/\/pkm-verein.de\/fa\/wp-json\/wp\/v2\/pages"}],"about":[{"href":"https:\/\/pkm-verein.de\/fa\/wp-json\/wp\/v2\/types\/page"}],"author":[{"embeddable":true,"href":"https:\/\/pkm-verein.de\/fa\/wp-json\/wp\/v2\/users\/1"}],"replies":[{"embeddable":true,"href":"https:\/\/pkm-verein.de\/fa\/wp-json\/wp\/v2\/comments?post=26"}],"version-history":[{"count":42,"href":"https:\/\/pkm-verein.de\/fa\/wp-json\/wp\/v2\/pages\/26\/revisions"}],"predecessor-version":[{"id":1433,"href":"https:\/\/pkm-verein.de\/fa\/wp-json\/wp\/v2\/pages\/26\/revisions\/1433"}],"wp:attachment":[{"href":"https:\/\/pkm-verein.de\/fa\/wp-json\/wp\/v2\/media?parent=26"}],"curies":[{"name":"wp","href":"https:\/\/api.w.org\/{rel}","templated":true}]}}