{"id":25,"date":"2025-10-11T16:19:37","date_gmt":"2025-10-11T14:19:37","guid":{"rendered":"http:\/\/pkm-verein.de\/about\/"},"modified":"2026-03-26T21:42:58","modified_gmt":"2026-03-26T20:42:58","slug":"about","status":"publish","type":"page","link":"https:\/\/pkm-verein.de\/fa\/about\/","title":{"rendered":"\u062f\u0631\u0628\u0627\u0631\u0647 \u0645\u0627"},"content":{"rendered":"<div data-elementor-type=\"wp-page\" data-elementor-id=\"25\" class=\"elementor elementor-25\">\n\t\t\t\t<div class=\"elementor-element elementor-element-7f922c6 e-flex e-con-boxed e-con e-parent\" data-id=\"7f922c6\" data-element_type=\"container\" data-settings=\"{&quot;background_background&quot;:&quot;classic&quot;}\">\n\t\t\t\t\t<div class=\"e-con-inner\">\n\t\t\t\t\t<\/div>\n\t\t\t\t<\/div>\n\t\t<div class=\"elementor-element elementor-element-1f19cca e-flex e-con-boxed e-con e-parent\" data-id=\"1f19cca\" data-element_type=\"container\">\n\t\t\t\t\t<div class=\"e-con-inner\">\n\t\t\t\t\t<\/div>\n\t\t\t\t<\/div>\n\t\t<div class=\"elementor-element elementor-element-6e0771d e-flex e-con-boxed e-con e-parent\" data-id=\"6e0771d\" data-element_type=\"container\">\n\t\t\t\t\t<div class=\"e-con-inner\">\n\t\t<div class=\"elementor-element elementor-element-0276392 e-con-full e-flex e-con e-child\" data-id=\"0276392\" data-element_type=\"container\">\n\t\t<div class=\"elementor-element elementor-element-80e0b1d e-con-full e-flex e-con e-child\" data-id=\"80e0b1d\" data-element_type=\"container\">\n\t\t\t\t<div class=\"elementor-element elementor-element-f233e73 elementor-widget elementor-widget-text-editor\" data-id=\"f233e73\" data-element_type=\"widget\" data-widget_type=\"text-editor.default\">\n\t\t\t\t<div class=\"elementor-widget-container\">\n\t\t\t\t\t\t\t\t\t<p class=\"MsoNormal\" dir=\"RTL\" style=\"text-align: justify; direction: rtl; unicode-bidi: embed;\"><b><span lang=\"FA\" style=\"font-family: 'B Nazanin'; mso-bidi-language: FA;\">\u0645\u0646 \u062d\u0633\u06cc\u0646 \u0645\u064f\u063a\u0627\u0631 \u0647\u0633\u062a\u0645 \u0641\u0627\u0631\u063a \u0627\u0644\u062a\u062d\u0635\u06cc\u0644 \u0631\u0634\u062a\u0647 \u0645\u0647\u0646\u062f\u0633\u06cc \u06a9\u0627\u0645\u067e\u06cc\u0648\u062a\u0631 \u0627\u0632 \u062a\u0647\u0631\u0627\u0646 \u0648 \u062d\u062f\u0648\u062f \u06f2\u06f0 \u0633\u0627\u0644 \u0628\u0647 \u0639\u0646\u0648\u0627\u0646 \u0645\u062f\u06cc\u0631 \u0639\u0627\u0645\u0644 \u06cc\u06a9 \u0634\u0631\u06a9\u062a \u06a9\u0627\u0645\u067e\u06cc\u0648\u062a\u0631\u06cc \u062f\u0631 \u062a\u0647\u0631\u0627\u0646 \u0645\u0634\u063a\u0648\u0644 \u0628\u0647 \u06a9\u0627\u0631 \u0628\u0648\u062f\u0645. \u0627\u0632 \u0633\u0627\u0644 \u06f2\u06f0\u06f1\u06f8 \u0628\u0647\u00a0\u0647\u0645\u0631\u0627\u0647 \u062e\u0627\u0646\u0648\u0627\u062f\u0647 \u0628\u0647 \u0622\u0644\u0645\u0627\u0646 \u0645\u0647\u0627\u062c\u0631\u062a \u06a9\u0631\u062f\u0645 \u0648 \u062f\u0631 \u0627\u06cc\u0646\u062c\u0627 \u0632\u0646\u062f\u06af\u06cc \u0645\u06cc\u200c\u06a9\u0646\u0645. \u06a9\u0645\u06a9 \u06a9\u0631\u062f\u0646 \u0628\u0647 \u0647\u0645\u0646\u0648\u0639\u0627\u0646\u00a0\u0648 \u0628\u0647 \u062e\u0635\u0648\u0635 \u0647\u0645\u0632\u0628\u0627\u0646\u0627\u0646 \u062e\u0648\u062f\u0645 \u0628\u0627\u0639\u062b \u0622\u0631\u0627\u0645\u0634 \u062f\u0631\u0648\u0646\u06cc \u0648 \u0627\u0646\u0631\u0698\u06cc \u0645\u062b\u0628\u062a\u06cc \u0628\u0631\u0627\u06cc \u0645\u0646 \u0645\u06cc\u200c\u0634\u0648\u062f. \u0628\u0647 \u0647\u0645\u06cc\u0646 \u062f\u0644\u06cc\u0644 \u0628\u0647 \u0627\u062a\u0641\u0627\u0642 \u0647\u0645\u0633\u0631\u0645 \u0648 \u062a\u0639\u062f\u0627\u062f\u06cc \u0627\u0632 \u062f\u0648\u0633\u062a\u0627\u0646 \u062a\u0635\u0645\u06cc\u0645 \u06af\u0631\u0641\u062a\u06cc\u0645 \u0628\u0627\u00a0 \u062a\u0634\u06a9\u06cc\u0644 \u0627\u06cc\u0646 \u0627\u0646\u062c\u0645\u0646 \u0647\u0645 \u06a9\u0645\u06a9\u06cc \u0628\u0647 \u062f\u0648\u0633\u062a\u0627\u0646 \u062e\u0648\u062f \u062f\u0631\u00a0 \u0632\u0645\u06cc\u0646\u0647\u200c\u0647\u0627\u06cc \u0645\u062e\u062a\u0644\u0641 \u0641\u0631\u0647\u0646\u06af\u06cc\u060c \u0647\u0646\u0631\u06cc\u060c \u0622\u0645\u0648\u0632\u0634\u06cc \u06a9\u0631\u062f\u0647 \u0628\u0627\u0634\u06cc\u0645 \u0648 \u0647\u0645 \u0628\u0627\u0639\u062b \u0622\u0631\u0627\u0645\u0634 \u0642\u0644\u0628\u06cc \u062e\u0648\u062f\u0645 \u0634\u062f\u0647 \u0628\u0627\u0634\u0645<\/span><\/b><b><span dir=\"LTR\">.<\/span><\/b><b style=\"font-style: inherit;\"><span dir=\"LTR\">\u00a0<\/span><\/b><\/p><p class=\"MsoNormal\" style=\"text-align: justify;\"><b>Ich bin Hossein Moghar, Absolvent der\u00a0Fachrichtung Informatik in Teheran, und war etwa 20 Jahre lang als\u00a0Gesch\u00e4ftsf\u00fchrer eines IT-Unternehmens in Teheran t\u00e4tig. Seit 2018 bin ich mit\u00a0meiner Familie nach Deutschland ausgewandert und lebe hier. Die Unterst\u00fctzung<br \/>meiner Mitmenschen, insbesondere meinen Mitrednern zu helfen, gibt mir inneren\u00a0Frieden und positive Energie. Aus diesem Grund haben meine Frau, einige Freunde\u00a0und ich beschlossen, durch die Gr\u00fcndung dieses Vereins unseren Freunden in\u00a0verschiedenen kulturellen, k\u00fcnstlerischen und Bildungsbereichen zu helfen.<br \/>Gleichzeitig tr\u00e4gt dies dazu bei, meine eigene innere Ruhe zu f\u00f6rdern.<\/b><\/p>\t\t\t\t\t\t\t\t<\/div>\n\t\t\t\t<\/div>\n\t\t\t\t<\/div>\n\t\t<div class=\"elementor-element elementor-element-8c0104e e-con-full e-flex e-con e-child\" data-id=\"8c0104e\" data-element_type=\"container\">\n\t\t\t\t<div class=\"elementor-element elementor-element-7e54adf elementor-widget elementor-widget-image\" data-id=\"7e54adf\" data-element_type=\"widget\" data-widget_type=\"image.default\">\n\t\t\t\t<div class=\"elementor-widget-container\">\n\t\t\t\t\t\t\t\t\t\t\t\t<figure class=\"wp-caption\">\n\t\t\t\t\t\t\t\t\t\t<img fetchpriority=\"high\" decoding=\"async\" width=\"567\" height=\"717\" src=\"http:\/\/pkm-verein.de\/wp-content\/uploads\/2025\/12\/photo_2025-12-13_16-43-54.jpg\" class=\"attachment-large size-large wp-image-1379\" alt=\"photo 2025 12 13 16 43 54\" srcset=\"http:\/\/pkm-verein.de\/wp-content\/uploads\/2025\/12\/photo_2025-12-13_16-43-54.jpg 567w, http:\/\/pkm-verein.de\/wp-content\/uploads\/2025\/12\/photo_2025-12-13_16-43-54-237x300.jpg 237w, http:\/\/pkm-verein.de\/wp-content\/uploads\/2025\/12\/photo_2025-12-13_16-43-54-9x12.jpg 9w\" sizes=\"(max-width: 567px) 100vw, 567px\" title=\"\u062f\u0631\u0628\u0627\u0631\u0647 \u0645\u0627\">\t\t\t\t\t\t\t\t\t\t\t<figcaption class=\"widget-image-caption wp-caption-text\">Schatzmeister<\/figcaption>\n\t\t\t\t\t\t\t\t\t\t<\/figure>\n\t\t\t\t\t\t\t\t\t<\/div>\n\t\t\t\t<\/div>\n\t\t\t\t<\/div>\n\t\t\t\t<\/div>\n\t\t\t\t\t<\/div>\n\t\t\t\t<\/div>\n\t\t<div class=\"elementor-element elementor-element-c29dedc e-flex e-con-boxed e-con e-parent\" data-id=\"c29dedc\" data-element_type=\"container\">\n\t\t\t\t\t<div class=\"e-con-inner\">\n\t\t<div class=\"elementor-element elementor-element-4b47acf e-con-full e-flex e-con e-child\" data-id=\"4b47acf\" data-element_type=\"container\">\n\t\t<div class=\"elementor-element elementor-element-0b69370 e-con-full e-flex e-con e-child\" data-id=\"0b69370\" data-element_type=\"container\">\n\t\t\t\t<div class=\"elementor-element elementor-element-94529da elementor-widget elementor-widget-image\" data-id=\"94529da\" data-element_type=\"widget\" data-widget_type=\"image.default\">\n\t\t\t\t<div class=\"elementor-widget-container\">\n\t\t\t\t\t\t\t\t\t\t\t\t<figure class=\"wp-caption\">\n\t\t\t\t\t\t\t\t\t\t<img decoding=\"async\" width=\"277\" height=\"560\" src=\"http:\/\/pkm-verein.de\/wp-content\/uploads\/2025\/12\/photo_2025-12-13_16-44-37.jpg\" class=\"attachment-large size-large wp-image-1378\" alt=\"photo 2025 12 13 16 44 37\" srcset=\"http:\/\/pkm-verein.de\/wp-content\/uploads\/2025\/12\/photo_2025-12-13_16-44-37.jpg 277w, http:\/\/pkm-verein.de\/wp-content\/uploads\/2025\/12\/photo_2025-12-13_16-44-37-148x300.jpg 148w, http:\/\/pkm-verein.de\/wp-content\/uploads\/2025\/12\/photo_2025-12-13_16-44-37-6x12.jpg 6w\" sizes=\"(max-width: 277px) 100vw, 277px\" title=\"\u062f\u0631\u0628\u0627\u0631\u0647 \u0645\u0627\">\t\t\t\t\t\t\t\t\t\t\t<figcaption class=\"widget-image-caption wp-caption-text\">Stellvertrentende Vorsitzende<\/figcaption>\n\t\t\t\t\t\t\t\t\t\t<\/figure>\n\t\t\t\t\t\t\t\t\t<\/div>\n\t\t\t\t<\/div>\n\t\t\t\t<\/div>\n\t\t<div class=\"elementor-element elementor-element-2128e77 e-con-full e-flex e-con e-child\" data-id=\"2128e77\" data-element_type=\"container\">\n\t\t\t\t<div class=\"elementor-element elementor-element-213f7e8 elementor-widget elementor-widget-text-editor\" data-id=\"213f7e8\" data-element_type=\"widget\" data-widget_type=\"text-editor.default\">\n\t\t\t\t<div class=\"elementor-widget-container\">\n\t\t\t\t\t\t\t\t\t<p dir=\"RTL\" style=\"text-align: justify; direction: rtl; unicode-bidi: embed;\"><b><span style=\"font-family: 'B Nazanin'; mso-bidi-language: FA;\">\u00a0<span lang=\"FA\">\u0627\u06cc\u0646 \u062c\u0627\u0646\u0628 \u0627\u0641\u0633\u0627\u0646\u0647 \u0646\u062c\u0641 \u067e\u0648\u0631 \u0645\u062a\u0648\u0644\u062f \u0627\u06cc\u0631\u0627\u0646 \u060c\u062a\u0647\u0631\u0627\u0646\u00a0 \u0647\u0633\u062a\u0645. \u0627\u0632\u0633\u0627\u0644 2018 \u0628\u0647 \u06a9\u0634\u0648\u0631 \u0622\u0644\u0645\u0627\u0646\u00a0\u0645\u0647\u0627\u062c\u0631\u062a \u06a9\u0631\u062f\u0645 \u0648 \u0627\u06a9\u0646\u0648\u0646\u00a0 \u062f\u0631 \u0627\u06cc\u0644\u0627\u062a \u062a\u0648\u0631\u06cc\u0646\u06af\u0646 (\u0627\u0631\u0641\u0648\u0631\u062a) \u0632\u0646\u062f\u06af\u06cc \u0645\u06cc\u06a9\u0646\u0645 .\u00a0 \u0645\u0646 \u0627\u0632 \u062f\u0628\u06cc\u0631\u0633\u062a\u0627\u0646\u00a0\u0641\u0627\u0631\u063a \u0627\u0644\u062a\u062d\u0635\u06cc\u0644 \u0634\u062f\u0647 \u0627\u0645 (\u062f\u06cc\u067e\u0644\u0645) \u0627\u0645\u0627 \u0627\u062f\u0627\u0645\u0647 \u062a\u062d\u0635\u06cc\u0644 \u062f\u0627\u0646\u0634\u06af\u0627\u0647\u06cc \u0646\u062f\u0627\u062f\u0645 \u06a9\u0647 \u062f\u0631\u0628\u0627\u0628 \u0622\u0646 \u0631\u0634\u062a\u0647 \u06a9\u0627\u0631\u06cc\u00a0\u062f\u0627\u0634\u062a\u0647 \u0628\u0627\u0634\u0645 . \u0645\u0646\u00a0 \u062f\u0631 \u0645\u062c\u0627\u0645\u0639 \u0627\u062c\u062a\u0645\u0627\u0639\u06cc \u0648\u0645\u0648\u0633\u0633\u0627\u062a \u0641\u0631\u0647\u0646\u06af\u06cc \u0648\u0647\u0646\u0631\u06cc \u062f\u0631\u0627\u06cc\u0631\u0627\u0646 \u0641\u0639\u0627\u0644 \u0628\u0648\u062f\u0645\u00a0 \u0648 \u062a\u0645\u0627\u06cc\u0644 \u062f\u0627\u0631\u0645 \u062f\u0631 \u0622\u0644\u0645\u0627\u0646 \u0647\u0645 \u06a9\u0647 \u0632\u0646\u062f\u06af\u06cc \u0645\u06cc\u06a9\u0646\u0645 \u0641\u0639\u0627\u0644\u06cc\u062a\u06cc \u062f\u0627\u0634\u062a\u0647 \u0628\u0627\u0634\u0645 \u0648\u06a9\u0627\u0631\u06cc \u06a9\u0647 \u062f\u0631\u062a\u0648\u0627\u0646\u0645 \u0647\u0633\u062a \u0631\u0627 \u0627\u0646\u062c\u0627\u0645 \u062f\u0647\u0645.<\/span><\/span><\/b><\/p><p dir=\"RTL\" style=\"text-align: justify; direction: rtl; unicode-bidi: embed;\"><b style=\"font-style: inherit; text-align: start;\">Ich bin Afsaneh Najafpour, in Teheran, Iran, geboren. Seit 2018 bin ich nach Deutschland ausgewandert und lebe derzeit in Th\u00fcringen (Erfurt). Ich habe die Schule abgeschlossen (Diplom) und habe keine universit\u00e4re Ausbildung absolviert, um in einem bestimmten Fachgebiet zu arbeiten. Ich war in sozialen Gemeinschaften und kulturellen sowie k\u00fcnstlerischen Institutionen in Iran aktiv und habe den Wunsch, auch in Deutschland, wo ich lebe, aktiv zu sein und eine T\u00e4tigkeit auszu\u00fcben, die meinen F\u00e4higkeiten entspricht.<\/b><\/p>\t\t\t\t\t\t\t\t<\/div>\n\t\t\t\t<\/div>\n\t\t\t\t<\/div>\n\t\t\t\t<\/div>\n\t\t\t\t\t<\/div>\n\t\t\t\t<\/div>\n\t\t<div class=\"elementor-element elementor-element-7405cf0 e-flex e-con-boxed e-con e-parent\" data-id=\"7405cf0\" data-element_type=\"container\">\n\t\t\t\t\t<div class=\"e-con-inner\">\n\t\t<div class=\"elementor-element elementor-element-e6b94b2 e-con-full e-flex e-con e-child\" data-id=\"e6b94b2\" data-element_type=\"container\">\n\t\t<div class=\"elementor-element elementor-element-e367d8e e-con-full e-flex e-con e-child\" data-id=\"e367d8e\" data-element_type=\"container\">\n\t\t\t\t<div class=\"elementor-element elementor-element-1e1ed23 elementor-widget elementor-widget-text-editor\" data-id=\"1e1ed23\" data-element_type=\"widget\" data-widget_type=\"text-editor.default\">\n\t\t\t\t<div class=\"elementor-widget-container\">\n\t\t\t\t\t\t\t\t\t<p class=\"MsoNormal\" dir=\"RTL\" style=\"text-align: justify; direction: rtl; unicode-bidi: embed;\"><b><span lang=\"FA\" style=\"font-size: 12.0pt; line-height: 107%; font-family: 'B Nazanin'; mso-bidi-language: FA;\">\u0645\u0647\u0633\u0627 \u0647\u0633\u062a\u0645\u060c \u0645\u062a\u0648\u0644\u062f \u062a\u0647\u0631\u0627\u0646 \u0648 \u0627\u0635\u0627\u0644\u062a\u0627 \u0622\u0630\u0631\u0628\u0627\u06cc\u062c\u0627\u0646\u06cc. \u0645\u0647\u0627\u062c\u0631\u062a \u062f\u0631 \u062e\u0627\u0646\u0648\u0627\u062f\u0647\u200c\u06cc \u0645\u0627 \u0646\u0633\u0644 \u0628\u0647 \u0646\u0633\u0644 \u0645\u0646\u062a\u0642\u0644 \u0634\u062f\u0647.<\/span><\/b><b><span lang=\"FA\" style=\"font-size: 12.0pt; line-height: 107%; font-family: 'B Nazanin'; mso-bidi-language: FA;\">\u0627\u0632 \u0642\u0641\u0642\u0627\u0632 \u0648 \u0622\u0630\u0631\u0628\u0627\u06cc\u062c\u0627\u0646\u060c \u0628\u0647 \u0627\u06cc\u0631\u0627\u0646 \u0648 \u062d\u0627\u0644\u0627 \u0622\u0644\u0645\u0627\u0646.<\/span><\/b><b><span dir=\"LTR\" style=\"font-size: 12.0pt; line-height: 107%; mso-bidi-font-family: 'B Nazanin'; mso-bidi-language: FA;\">\u00a0<\/span><\/b><b><span lang=\"FA\" style=\"font-size: 12.0pt; line-height: 107%; font-family: 'B Nazanin'; mso-bidi-language: FA;\">\u0628\u0647 \u0639\u0646\u0648\u0627\u0646 \u062f\u0627\u0646\u0634\u200c\u0622\u0645\u0648\u062e\u062a\u0647\u200c\u06cc \u0645\u062f\u06cc\u0631\u06cc\u062a \u0646\u0648\u0622\u0648\u0631\u06cc\u060c \u0633\u0639\u06cc \u0645\u06cc\u200c\u06a9\u0646\u0645 \u0639\u0644\u0627\u0642\u0647 \u0648 \u062a\u062d\u0635\u06cc\u0644\u0627\u062a\u0645 \u0628\u0647 \u062e\u0644\u0627\u0642\u06cc\u062a \u062f\u0631 \u062a\u0645\u0627\u0645\u06cc \u062c\u0646\u0628\u0647\u200c\u0647\u0627\u06cc \u0632\u0646\u062f\u06af\u06cc\u200c\u0627\u0645 \u0646\u0645\u0627\u06cc\u0627\u0646\u00a0\u0628\u0627\u0634\u0647. \u0628\u0647 \u0646\u0638\u0631\u0645 \u0628\u0686\u0647\u200c\u0647\u0627 \u0645\u0646\u0628\u0639 \u0628\u06cc\u200c\u067e\u0627\u06cc\u0627\u0646 \u062e\u0644\u0627\u0642\u06cc\u062a \u0648 \u062e\u0648\u0634\u062d\u0627\u0644\u06cc \u0647\u0633\u062a\u0646\u062f \u0648 \u0633\u0639\u06cc \u0645\u06cc\u200c\u06a9\u0646\u0645 \u062f\u0631 \u0632\u0645\u06cc\u0646\u0647\u200c\u06cc\u00a0\u067e\u0631\u0648\u0631\u0634 \u0627\u0633\u062a\u0639\u062f\u0627\u062f\u0647\u0627\u06cc\u0634\u0627\u0646 \u0641\u0639\u0627\u0644\u06cc\u062a \u06a9\u0646\u0645.\u00a0<\/span><\/b><b><span lang=\"FA\" style=\"font-size: 12.0pt; line-height: 107%; font-family: 'B Nazanin'; mso-bidi-language: FA;\">\u0648\u0642\u0627\u062a \u0641\u0631\u0627\u063a\u062a\u0645 \u0631\u0648 \u0647\u0645 \u0628\u0627 \u062f\u0648\u0686\u0631\u062e\u0647\u200c\u0633\u0648\u0627\u0631\u06cc \u0648 \u062c\u0646\u06af\u0644\u200c\u067e\u06cc\u0645\u0627\u06cc\u06cc \u067e\u0631\u0645\u06cc\u200c\u06a9\u0646\u0645.<\/span><\/b><b><\/b><\/p><p class=\"MsoNormal\" style=\"margin-bottom: 12.0pt; text-align: justify;\"><b><span style=\"font-size: 12.0pt; line-height: 107%; mso-bidi-language: FA;\">Hi, hier ist\u00a0Mahsa. Eine Iranerin mit aserbaidschanischer Herkunft. Migration liegt mir im\u00a0Blut. Ich selbst und 3 Genrationen vor mir sind nie in unseren Geburtsl\u00e4ndern\u00a0geblieben. Von Kaukasien und Aserbaidschan, \u00fcber Iran bis Deutschland.\u00a0<\/span><\/b><b style=\"font-style: inherit;\"><span style=\"font-size: 12.0pt; line-height: 107%; mso-bidi-language: FA;\">Als eine\u00a0<\/span><\/b><b style=\"font-style: inherit;\"><span style=\"font-size: 12.0pt; line-height: 107%; mso-bidi-language: FA;\">Innovationsmanagerin, versuche ich Kreativit\u00e4t und Innovation in jeden Aspekt\u00a0<\/span><\/b><b style=\"font-style: inherit;\"><span style=\"font-size: 12.0pt; line-height: 107%; mso-bidi-language: FA;\">meines Lebens einzubringen. Meiner Meinung nach sind die Kinder die unendliche\u00a0<\/span><\/b><b style=\"font-style: inherit;\"><span style=\"font-size: 12.0pt; line-height: 107%; mso-bidi-language: FA;\">Quelle der Kreativit\u00e4t und des Gl\u00fccks, und bin dabei ihre Kreativit\u00e4t und\u00a0<\/span><\/b><b style=\"font-style: inherit;\"><span style=\"font-size: 12.0pt; line-height: 107%; mso-bidi-language: FA;\">Talente zu entwickeln.<\/span><\/b><\/p>\t\t\t\t\t\t\t\t<\/div>\n\t\t\t\t<\/div>\n\t\t\t\t<\/div>\n\t\t<div class=\"elementor-element elementor-element-49d9a36 e-con-full e-flex e-con e-child\" data-id=\"49d9a36\" data-element_type=\"container\">\n\t\t\t\t<div class=\"elementor-element elementor-element-c669912 elementor-widget elementor-widget-image\" data-id=\"c669912\" data-element_type=\"widget\" data-widget_type=\"image.default\">\n\t\t\t\t<div class=\"elementor-widget-container\">\n\t\t\t\t\t\t\t\t\t\t\t\t<figure class=\"wp-caption\">\n\t\t\t\t\t\t\t\t\t\t<img decoding=\"async\" width=\"691\" height=\"691\" src=\"http:\/\/pkm-verein.de\/wp-content\/uploads\/2025\/12\/photo_2025-12-13_16-44-39.jpg\" class=\"attachment-large size-large wp-image-1377\" alt=\"photo 2025 12 13 16 44 39\" srcset=\"http:\/\/pkm-verein.de\/wp-content\/uploads\/2025\/12\/photo_2025-12-13_16-44-39.jpg 691w, http:\/\/pkm-verein.de\/wp-content\/uploads\/2025\/12\/photo_2025-12-13_16-44-39-300x300.jpg 300w, http:\/\/pkm-verein.de\/wp-content\/uploads\/2025\/12\/photo_2025-12-13_16-44-39-150x150.jpg 150w, http:\/\/pkm-verein.de\/wp-content\/uploads\/2025\/12\/photo_2025-12-13_16-44-39-12x12.jpg 12w\" sizes=\"(max-width: 691px) 100vw, 691px\" title=\"\u062f\u0631\u0628\u0627\u0631\u0647 \u0645\u0627\">\t\t\t\t\t\t\t\t\t\t\t<figcaption class=\"widget-image-caption wp-caption-text\">Vorstandsmitglied<\/figcaption>\n\t\t\t\t\t\t\t\t\t\t<\/figure>\n\t\t\t\t\t\t\t\t\t<\/div>\n\t\t\t\t<\/div>\n\t\t\t\t<\/div>\n\t\t\t\t<\/div>\n\t\t\t\t\t<\/div>\n\t\t\t\t<\/div>\n\t\t\t\t<\/div>","protected":false},"excerpt":{"rendered":"<p>\u0645\u0646 \u062d\u0633\u06cc\u0646 \u0645\u064f\u063a\u0627\u0631 \u0647\u0633\u062a\u0645 \u0641\u0627\u0631\u063a \u0627\u0644\u062a\u062d\u0635\u06cc\u0644 \u0631\u0634\u062a\u0647 \u0645\u0647\u0646\u062f\u0633\u06cc \u06a9\u0627\u0645\u067e\u06cc\u0648\u062a\u0631 \u0627\u0632 \u062a\u0647\u0631\u0627\u0646 \u0648 \u062d\u062f\u0648\u062f \u06f2\u06f0 \u0633\u0627\u0644 \u0628\u0647 \u0639\u0646\u0648\u0627\u0646 \u0645\u062f\u06cc\u0631 \u0639\u0627\u0645\u0644 \u06cc\u06a9 \u0634\u0631\u06a9\u062a \u06a9\u0627\u0645\u067e\u06cc\u0648\u062a\u0631\u06cc \u062f\u0631 \u062a\u0647\u0631\u0627\u0646 \u0645\u0634\u063a\u0648\u0644 \u0628\u0647 \u06a9\u0627\u0631 \u0628\u0648\u062f\u0645. \u0627\u0632 \u0633\u0627\u0644 [&hellip;]<\/p>","protected":false},"author":1,"featured_media":0,"parent":0,"menu_order":0,"comment_status":"closed","ping_status":"closed","template":"","meta":{"site-sidebar-layout":"no-sidebar","site-content-layout":"","ast-site-content-layout":"full-width-container","site-content-style":"default","site-sidebar-style":"default","ast-global-header-display":"","ast-banner-title-visibility":"","ast-main-header-display":"","ast-hfb-above-header-display":"","ast-hfb-below-header-display":"","ast-hfb-mobile-header-display":"","site-post-title":"disabled","ast-breadcrumbs-content":"","ast-featured-img":"disabled","footer-sml-layout":"","theme-transparent-header-meta":"enabled","adv-header-id-meta":"","stick-header-meta":"","header-above-stick-meta":"","header-main-stick-meta":"","header-below-stick-meta":"","astra-migrate-meta-layouts":"default","ast-page-background-enabled":"default","ast-page-background-meta":{"desktop":{"background-color":"var(--ast-global-color-4)","background-image":"","background-repeat":"repeat","background-position":"center center","background-size":"auto","background-attachment":"scroll","background-type":"","background-media":"","overlay-type":"","overlay-color":"","overlay-opacity":"","overlay-gradient":""},"tablet":{"background-color":"","background-image":"","background-repeat":"repeat","background-position":"center center","background-size":"auto","background-attachment":"scroll","background-type":"","background-media":"","overlay-type":"","overlay-color":"","overlay-opacity":"","overlay-gradient":""},"mobile":{"background-color":"","background-image":"","background-repeat":"repeat","background-position":"center center","background-size":"auto","background-attachment":"scroll","background-type":"","background-media":"","overlay-type":"","overlay-color":"","overlay-opacity":"","overlay-gradient":""}},"ast-content-background-meta":{"desktop":{"background-color":"var(--ast-global-color-5)","background-image":"","background-repeat":"repeat","background-position":"center center","background-size":"auto","background-attachment":"scroll","background-type":"","background-media":"","overlay-type":"","overlay-color":"","overlay-opacity":"","overlay-gradient":""},"tablet":{"background-color":"var(--ast-global-color-5)","background-image":"","background-repeat":"repeat","background-position":"center center","background-size":"auto","background-attachment":"scroll","background-type":"","background-media":"","overlay-type":"","overlay-color":"","overlay-opacity":"","overlay-gradient":""},"mobile":{"background-color":"var(--ast-global-color-5)","background-image":"","background-repeat":"repeat","background-position":"center center","background-size":"auto","background-attachment":"scroll","background-type":"","background-media":"","overlay-type":"","overlay-color":"","overlay-opacity":"","overlay-gradient":""}},"footnotes":""},"class_list":["post-25","page","type-page","status-publish","hentry"],"_links":{"self":[{"href":"https:\/\/pkm-verein.de\/fa\/wp-json\/wp\/v2\/pages\/25","targetHints":{"allow":["GET"]}}],"collection":[{"href":"https:\/\/pkm-verein.de\/fa\/wp-json\/wp\/v2\/pages"}],"about":[{"href":"https:\/\/pkm-verein.de\/fa\/wp-json\/wp\/v2\/types\/page"}],"author":[{"embeddable":true,"href":"https:\/\/pkm-verein.de\/fa\/wp-json\/wp\/v2\/users\/1"}],"replies":[{"embeddable":true,"href":"https:\/\/pkm-verein.de\/fa\/wp-json\/wp\/v2\/comments?post=25"}],"version-history":[{"count":18,"href":"https:\/\/pkm-verein.de\/fa\/wp-json\/wp\/v2\/pages\/25\/revisions"}],"predecessor-version":[{"id":1477,"href":"https:\/\/pkm-verein.de\/fa\/wp-json\/wp\/v2\/pages\/25\/revisions\/1477"}],"wp:attachment":[{"href":"https:\/\/pkm-verein.de\/fa\/wp-json\/wp\/v2\/media?parent=25"}],"curies":[{"name":"wp","href":"https:\/\/api.w.org\/{rel}","templated":true}]}}